{"id":137,"date":"2018-11-01T22:28:33","date_gmt":"2018-11-01T22:28:33","guid":{"rendered":"http:\/\/www.fondationhopitallameque.ca\/?page_id=137"},"modified":"2020-05-12T11:06:37","modified_gmt":"2020-05-12T11:06:37","slug":"the-fondation","status":"publish","type":"page","link":"https:\/\/fondationhopitallameque.ca\/en\/about-us\/the-fondation\/","title":{"rendered":"The Foundation"},"content":{"rendered":"\n<p>La Fondation de l\u2019H\u00f4pital de Lam\u00e8que Inc. was established in 1987. Its mission is to raise funds in support of the Lam\u00e8que Hospital and Community Health Centre\u2019s development priorities in order to meet our community\u2019s changing needs effectively. La Fondation de l\u2019H\u00f4pital de Lam\u00e8que has given $1.3 million to the Lam\u00e8que Hospital and Community Health Centre to improve care and services.<\/p>\n\n\n\n<p>The Foundation is active throughout the year and has developed the following programs to make donating easier:<\/p>\n\n\n\n<p>\u00b7 Annual Campaigns<\/p>\n\n\n\n<p>\u00b7 Special events<\/p>\n\n\n\n<p>\u00b7 Pledges<\/p>\n\n\n\n<p>\u00b7 Planned giving<\/p>\n\n\n\n<p>\u00b7 In Memoriam gifts (condolence cards)<\/p>\n\n\n\n<p>\u00b7 Bursary Fund<\/p>\n\n\n\n<p><\/p>\n\n\n\n<p><\/p>\n\n\n\n<p><em>For more information, please contact our office:<\/em><\/p>\n\n\n\n<p><em>La Fondation de l\u2019H\u00f4pital de Lam\u00e8que Inc.<\/em><\/p>\n\n\n\n<p><em>29, rue de l\u2019H\u00f4pital, Lam\u00e8que (N.-B.) E8T 1C5 Tel.: 506-344-3496 Fax: 506-394-3403 Email : fondation.lameque@vitalitenb.ca<\/em><\/p>\n","protected":false},"excerpt":{"rendered":"<p>La Fondation de l\u2019H\u00f4pital de Lam\u00e8que Inc. was established in 1987. Its mission is to raise funds in support of&#8230;.<\/p>\n","protected":false},"author":1,"featured_media":0,"parent":110,"menu_order":0,"comment_status":"closed","ping_status":"closed","template":"","meta":[],"acf":[],"_links":{"self":[{"href":"https:\/\/fondationhopitallameque.ca\/en\/wp-json\/wp\/v2\/pages\/137"}],"collection":[{"href":"https:\/\/fondationhopitallameque.ca\/en\/wp-json\/wp\/v2\/pages"}],"about":[{"href":"https:\/\/fondationhopitallameque.ca\/en\/wp-json\/wp\/v2\/types\/page"}],"author":[{"embeddable":true,"href":"https:\/\/fondationhopitallameque.ca\/en\/wp-json\/wp\/v2\/users\/1"}],"replies":[{"embeddable":true,"href":"https:\/\/fondationhopitallameque.ca\/en\/wp-json\/wp\/v2\/comments?post=137"}],"version-history":[{"count":11,"href":"https:\/\/fondationhopitallameque.ca\/en\/wp-json\/wp\/v2\/pages\/137\/revisions"}],"predecessor-version":[{"id":2403,"href":"https:\/\/fondationhopitallameque.ca\/en\/wp-json\/wp\/v2\/pages\/137\/revisions\/2403"}],"up":[{"embeddable":true,"href":"https:\/\/fondationhopitallameque.ca\/en\/wp-json\/wp\/v2\/pages\/110"}],"wp:attachment":[{"href":"https:\/\/fondationhopitallameque.ca\/en\/wp-json\/wp\/v2\/media?parent=137"}],"curies":[{"name":"wp","href":"https:\/\/api.w.org\/{rel}","templated":true}]}}